{"id":1209,"date":"2022-01-27T23:07:32","date_gmt":"2022-01-27T23:07:32","guid":{"rendered":"https:\/\/aircrew-dosimetry.eu\/kontakt\/"},"modified":"2024-09-12T12:37:04","modified_gmt":"2024-09-12T12:37:04","slug":"kontakt","status":"publish","type":"page","link":"https:\/\/aircrew-dosimetry.eu\/de\/kontakt\/","title":{"rendered":"Kontakt"},"content":{"rendered":"\t\t<div data-elementor-type=\"wp-page\" data-elementor-id=\"1209\" class=\"elementor elementor-1209 elementor-243\" data-elementor-post-type=\"page\">\n\t\t\t\t\t\t<section class=\"elementor-section elementor-top-section elementor-element elementor-element-3ae4109 elementor-section-height-min-height elementor-section-boxed elementor-section-height-default elementor-section-items-middle\" data-id=\"3ae4109\" data-element_type=\"section\" data-e-type=\"section\" data-settings=\"{&quot;background_background&quot;:&quot;classic&quot;}\">\n\t\t\t\t\t\t\t<div class=\"elementor-background-overlay\"><\/div>\n\t\t\t\t\t\t\t<div class=\"elementor-container elementor-column-gap-default\">\n\t\t\t\t\t<div class=\"elementor-column elementor-col-33 elementor-top-column elementor-element elementor-element-7974f5c\" data-id=\"7974f5c\" data-element_type=\"column\" data-e-type=\"column\" data-settings=\"{&quot;background_background&quot;:&quot;classic&quot;}\">\n\t\t\t<div class=\"elementor-widget-wrap elementor-element-populated\">\n\t\t\t\t\t<div class=\"elementor-background-overlay\"><\/div>\n\t\t\t\t\t\t<div class=\"elementor-element elementor-element-8dd0b59 elementor-widget elementor-widget-heading\" data-id=\"8dd0b59\" data-element_type=\"widget\" data-e-type=\"widget\" data-widget_type=\"heading.default\">\n\t\t\t\t<div class=\"elementor-widget-container\">\n\t\t\t\t\t<h3 class=\"elementor-heading-title elementor-size-default\">Kontakt<\/h3>\t\t\t\t<\/div>\n\t\t\t\t<\/div>\n\t\t\t\t<div class=\"elementor-element elementor-element-546dfb5 elementor-widget elementor-widget-text-editor\" data-id=\"546dfb5\" data-element_type=\"widget\" data-e-type=\"widget\" data-widget_type=\"text-editor.default\">\n\t\t\t\t<div class=\"elementor-widget-container\">\n\t\t\t\t\t\t\t\t\t<p>Sie k\u00f6nnen uns per Telefon und E-Mail erreichen. Alternativ k\u00f6nnen Sie uns auch gerne besuchen, wir freuen uns auf Sie. Gute K\u00f6che zeigen gerne ihre K\u00fcche. Und gute K\u00f6che verf\u00fchren gerne. Verf\u00fchren Sie dazu, immer wieder bei ihnen zu bestellen.    <\/p>\n\t\t\t\t\t\t\t\t<\/div>\n\t\t\t\t<\/div>\n\t\t\t\t\t<\/div>\n\t\t<\/div>\n\t\t\t\t<div class=\"elementor-column elementor-col-66 elementor-top-column elementor-element elementor-element-95f3a4b\" data-id=\"95f3a4b\" data-element_type=\"column\" data-e-type=\"column\">\n\t\t\t<div class=\"elementor-widget-wrap\">\n\t\t\t\t\t\t\t<\/div>\n\t\t<\/div>\n\t\t\t\t\t<\/div>\n\t\t<\/section>\n\t\t\t\t<section class=\"elementor-section elementor-top-section elementor-element elementor-element-5876eae5 elementor-section-boxed elementor-section-height-default elementor-section-height-default\" data-id=\"5876eae5\" data-element_type=\"section\" data-e-type=\"section\" data-settings=\"{&quot;background_background&quot;:&quot;classic&quot;}\">\n\t\t\t\t\t\t<div class=\"elementor-container elementor-column-gap-default\">\n\t\t\t\t\t<div class=\"elementor-column elementor-col-50 elementor-top-column elementor-element elementor-element-9489ea2\" data-id=\"9489ea2\" data-element_type=\"column\" data-e-type=\"column\" data-settings=\"{&quot;background_background&quot;:&quot;classic&quot;}\">\n\t\t\t<div class=\"elementor-widget-wrap elementor-element-populated\">\n\t\t\t\t\t\t<div class=\"elementor-element elementor-element-42e7f93 elementor-widget elementor-widget-heading\" data-id=\"42e7f93\" data-element_type=\"widget\" data-e-type=\"widget\" data-widget_type=\"heading.default\">\n\t\t\t\t<div class=\"elementor-widget-container\">\n\t\t\t\t\t<h4 class=\"elementor-heading-title elementor-size-default\">Kontakt aufnehmen<\/h4>\t\t\t\t<\/div>\n\t\t\t\t<\/div>\n\t\t\t\t<div class=\"elementor-element elementor-element-d32e8e0 elementor-button-align-stretch elementor-widget elementor-widget-form\" data-id=\"d32e8e0\" data-element_type=\"widget\" data-e-type=\"widget\" data-settings=\"{&quot;step_next_label&quot;:&quot;Weiter&quot;,&quot;step_previous_label&quot;:&quot;Zur\\u00fcck&quot;,&quot;button_width&quot;:&quot;100&quot;,&quot;step_type&quot;:&quot;number_text&quot;,&quot;step_icon_shape&quot;:&quot;circle&quot;}\" data-widget_type=\"form.default\">\n\t\t\t\t<div class=\"elementor-widget-container\">\n\t\t\t\t\t\t\t<form class=\"elementor-form\" method=\"post\" name=\"Neue Nachricht\" aria-label=\"Neue Nachricht\">\n\t\t\t<input type=\"hidden\" name=\"post_id\" value=\"1209\"\/>\n\t\t\t<input type=\"hidden\" name=\"form_id\" value=\"d32e8e0\"\/>\n\t\t\t<input type=\"hidden\" name=\"referer_title\" value=\"Kontakt - Aircrew Dosimetry\" \/>\n\n\t\t\t\t\t\t\t<input type=\"hidden\" name=\"queried_id\" value=\"1209\"\/>\n\t\t\t\n\t\t\t<div class=\"elementor-form-fields-wrapper elementor-labels-\">\n\t\t\t\t\t\t\t\t<div class=\"elementor-field-type-text elementor-field-group elementor-column elementor-field-group-name elementor-col-100\">\n\t\t\t\t\t\t\t\t\t\t\t\t<label for=\"form-field-name\" class=\"elementor-field-label elementor-screen-only\">\n\t\t\t\t\t\t\t\tName\t\t\t\t\t\t\t<\/label>\n\t\t\t\t\t\t\t\t\t\t\t\t\t\t<input size=\"1\" type=\"text\" name=\"form_fields[name]\" id=\"form-field-name\" class=\"elementor-field elementor-size-sm  elementor-field-textual\" placeholder=\"Name\">\n\t\t\t\t\t\t\t\t\t\t\t<\/div>\n\t\t\t\t\t\t\t\t<div class=\"elementor-field-type-email elementor-field-group elementor-column elementor-field-group-email elementor-col-100 elementor-field-required\">\n\t\t\t\t\t\t\t\t\t\t\t\t<label for=\"form-field-email\" class=\"elementor-field-label elementor-screen-only\">\n\t\t\t\t\t\t\t\tEmail\t\t\t\t\t\t\t<\/label>\n\t\t\t\t\t\t\t\t\t\t\t\t\t\t<input size=\"1\" type=\"email\" name=\"form_fields[email]\" id=\"form-field-email\" class=\"elementor-field elementor-size-sm  elementor-field-textual\" placeholder=\"Email\" required=\"required\">\n\t\t\t\t\t\t\t\t\t\t\t<\/div>\n\t\t\t\t\t\t\t\t<div class=\"elementor-field-type-textarea elementor-field-group elementor-column elementor-field-group-message elementor-col-100\">\n\t\t\t\t\t\t\t\t\t\t\t\t<label for=\"form-field-message\" class=\"elementor-field-label elementor-screen-only\">\n\t\t\t\t\t\t\t\tNachricht\t\t\t\t\t\t\t<\/label>\n\t\t\t\t\t\t<textarea class=\"elementor-field-textual elementor-field  elementor-size-sm\" name=\"form_fields[message]\" id=\"form-field-message\" rows=\"4\" placeholder=\"Nachricht\"><\/textarea>\t\t\t\t<\/div>\n\t\t\t\t\t\t\t\t<div class=\"elementor-field-type-html elementor-field-group elementor-column elementor-field-group-field_b70718a elementor-col-100\">\n\t\t\t\t\t<p>Weitere Informationen zur Verarbeitung Ihrer Daten finden Sie in den <a target=\"_blank\" rel=\"noopener noreferrer\" href=\"https:\/\/aircrew-dosimetry.eu\/de\/datenschutzerklaerung\/\">Datenschutzhinweisen<\/a>.<\/p>\t\t\t\t<\/div>\n\t\t\t\t\t\t\t\t<div class=\"elementor-field-type-recaptcha_v3 elementor-field-group elementor-column elementor-field-group-field_c4ccbbc elementor-col-100 recaptcha_v3-bottomright\">\n\t\t\t\t\t<div class=\"elementor-field\" id=\"form-field-field_c4ccbbc\"><div class=\"elementor-g-recaptcha\" data-sitekey=\"6LdUGJEeAAAAAGyOGpA47pybmbda5aB3vdqjWjXl\" data-type=\"v3\" data-action=\"Form\" data-badge=\"bottomright\" data-size=\"invisible\"><\/div><\/div>\t\t\t\t<\/div>\n\t\t\t\t\t\t\t\t<div class=\"elementor-field-group elementor-column elementor-field-type-submit elementor-col-100 e-form__buttons\">\n\t\t\t\t\t<button class=\"elementor-button elementor-size-sm\" type=\"submit\">\n\t\t\t\t\t\t<span class=\"elementor-button-content-wrapper\">\n\t\t\t\t\t\t\t\t\t\t\t\t\t\t\t\t\t\t\t\t\t\t<span class=\"elementor-button-text\">Senden<\/span>\n\t\t\t\t\t\t\t\t\t\t\t\t\t<\/span>\n\t\t\t\t\t<\/button>\n\t\t\t\t<\/div>\n\t\t\t<\/div>\n\t\t<\/form>\n\t\t\t\t\t\t<\/div>\n\t\t\t\t<\/div>\n\t\t\t\t\t<\/div>\n\t\t<\/div>\n\t\t\t\t<div class=\"elementor-column elementor-col-50 elementor-top-column elementor-element elementor-element-6425245f\" data-id=\"6425245f\" data-element_type=\"column\" data-e-type=\"column\">\n\t\t\t<div class=\"elementor-widget-wrap elementor-element-populated\">\n\t\t\t\t\t\t<div class=\"elementor-element elementor-element-2089d0ff elementor-widget elementor-widget-heading\" data-id=\"2089d0ff\" data-element_type=\"widget\" data-e-type=\"widget\" data-widget_type=\"heading.default\">\n\t\t\t\t<div class=\"elementor-widget-container\">\n\t\t\t\t\t<h4 class=\"elementor-heading-title elementor-size-default\">B\u00fcroanschrift<\/h4>\t\t\t\t<\/div>\n\t\t\t\t<\/div>\n\t\t\t\t<div class=\"elementor-element elementor-element-3455f65 elementor-icon-list--layout-traditional elementor-list-item-link-full_width elementor-widget elementor-widget-icon-list\" data-id=\"3455f65\" data-element_type=\"widget\" data-e-type=\"widget\" data-widget_type=\"icon-list.default\">\n\t\t\t\t<div class=\"elementor-widget-container\">\n\t\t\t\t\t\t\t<ul class=\"elementor-icon-list-items\">\n\t\t\t\t\t\t\t<li class=\"elementor-icon-list-item\">\n\t\t\t\t\t\t\t\t\t\t\t<span class=\"elementor-icon-list-icon\">\n\t\t\t\t\t\t\t<i aria-hidden=\"true\" class=\"fas fa-map-marker-alt\"><\/i>\t\t\t\t\t\t<\/span>\n\t\t\t\t\t\t\t\t\t\t<span class=\"elementor-icon-list-text\">ACD Research GmbH, Feldkirchner Stra\u00dfe 4, 8054 Graz, Austria<\/span>\n\t\t\t\t\t\t\t\t\t<\/li>\n\t\t\t\t\t\t\t\t<li class=\"elementor-icon-list-item\">\n\t\t\t\t\t\t\t\t\t\t\t<span class=\"elementor-icon-list-icon\">\n\t\t\t\t\t\t\t<i aria-hidden=\"true\" class=\"fas fa-phone-alt\"><\/i>\t\t\t\t\t\t<\/span>\n\t\t\t\t\t\t\t\t\t\t<span class=\"elementor-icon-list-text\">+49 177 56 11 940<\/span>\n\t\t\t\t\t\t\t\t\t<\/li>\n\t\t\t\t\t\t\t\t<li class=\"elementor-icon-list-item\">\n\t\t\t\t\t\t\t\t\t\t\t<span class=\"elementor-icon-list-icon\">\n\t\t\t\t\t\t\t<i aria-hidden=\"true\" class=\"fas fa-envelope\"><\/i>\t\t\t\t\t\t<\/span>\n\t\t\t\t\t\t\t\t\t\t<span class=\"elementor-icon-list-text\"> info@aircrew-dosimetry.eu<\/span>\n\t\t\t\t\t\t\t\t\t<\/li>\n\t\t\t\t\t\t<\/ul>\n\t\t\t\t\t\t<\/div>\n\t\t\t\t<\/div>\n\t\t\t\t\t<\/div>\n\t\t<\/div>\n\t\t\t\t\t<\/div>\n\t\t<\/section>\n\t\t\t\t<section class=\"elementor-section elementor-top-section elementor-element elementor-element-8f82045 elementor-section-full_width elementor-section-height-min-height elementor-section-height-default elementor-section-items-middle\" data-id=\"8f82045\" data-element_type=\"section\" data-e-type=\"section\">\n\t\t\t\t\t\t<div class=\"elementor-container elementor-column-gap-no\">\n\t\t\t\t\t<div class=\"elementor-column elementor-col-100 elementor-top-column elementor-element elementor-element-f4ea1a8\" data-id=\"f4ea1a8\" data-element_type=\"column\" data-e-type=\"column\">\n\t\t\t<div class=\"elementor-widget-wrap elementor-element-populated\">\n\t\t\t\t\t\t<div class=\"elementor-element elementor-element-8e25ae9 elementor-widget elementor-widget-google_maps\" data-id=\"8e25ae9\" data-element_type=\"widget\" data-e-type=\"widget\" data-widget_type=\"google_maps.default\">\n\t\t\t\t<div class=\"elementor-widget-container\">\n\t\t\t\t\t\t\t<div class=\"elementor-custom-embed\">\n\t\t\t<iframe loading=\"lazy\"\n\t\t\t\t\tsrc=\"https:\/\/maps.google.com\/maps?q=Feldkirchner%20Stra%C3%9Fe%204%2C%20Graz%2C%20Austria%2C%208054&#038;t=m&#038;z=10&#038;output=embed&#038;iwloc=near\"\n\t\t\t\t\ttitle=\"Feldkirchner Stra\u00dfe 4, Graz, Austria, 8054\"\n\t\t\t\t\taria-label=\"Feldkirchner Stra\u00dfe 4, Graz, Austria, 8054\"\n\t\t\t><\/iframe>\n\t\t<\/div>\n\t\t\t\t\t\t<\/div>\n\t\t\t\t<\/div>\n\t\t\t\t\t<\/div>\n\t\t<\/div>\n\t\t\t\t\t<\/div>\n\t\t<\/section>\n\t\t\t\t<\/div>\n\t\t","protected":false},"excerpt":{"rendered":"<p>Kontakt Sie k\u00f6nnen uns per Telefon und E-Mail erreichen. Alternativ k\u00f6nnen Sie uns auch gerne besuchen, wir freuen uns auf Sie. Gute K\u00f6che zeigen gerne ihre K\u00fcche. Und gute K\u00f6che verf\u00fchren gerne. Verf\u00fchren Sie dazu, immer wieder bei ihnen zu bestellen. Kontakt aufnehmen B\u00fcroanschrift ACD Research GmbH, Feldkirchner Stra\u00dfe 4, 8054 Graz, Austria +49 177 [&hellip;]<\/p>\n","protected":false},"author":1,"featured_media":0,"parent":0,"menu_order":0,"comment_status":"closed","ping_status":"closed","template":"","meta":{"footnotes":""},"class_list":["post-1209","page","type-page","status-publish","hentry"],"yoast_head":"<!-- This site is optimized with the Yoast SEO plugin v27.3 - https:\/\/yoast.com\/product\/yoast-seo-wordpress\/ -->\n<title>Kontakt - Aircrew Dosimetry<\/title>\n<meta name=\"description\" content=\"Kontaktieren Sie uns telefonisch oder per E-Mail \u27a4 Besuchen Sie uns auch gerne pers\u00f6nlich \u2013 wir freuen uns auf Sie! \u2713\" \/>\n<meta name=\"robots\" content=\"index, follow, max-snippet:-1, max-image-preview:large, max-video-preview:-1\" \/>\n<link rel=\"canonical\" href=\"https:\/\/aircrew-dosimetry.eu\/de\/kontakt\/\" \/>\n<meta property=\"og:locale\" content=\"de_DE\" \/>\n<meta property=\"og:type\" content=\"article\" \/>\n<meta property=\"og:title\" content=\"Kontakt - Aircrew Dosimetry\" \/>\n<meta property=\"og:description\" content=\"Kontaktieren Sie uns telefonisch oder per E-Mail \u27a4 Besuchen Sie uns auch gerne pers\u00f6nlich \u2013 wir freuen uns auf Sie! \u2713\" \/>\n<meta property=\"og:url\" content=\"https:\/\/aircrew-dosimetry.eu\/de\/kontakt\/\" \/>\n<meta property=\"og:site_name\" content=\"Aircrew Dosimetry\" \/>\n<meta property=\"article:modified_time\" content=\"2024-09-12T12:37:04+00:00\" \/>\n<meta property=\"og:image\" content=\"https:\/\/aircrew-dosimetry.eu\/wp-content\/plugins\/borlabs-cookie\/assets\/images\/cb-maps.png\" \/>\n<meta name=\"twitter:card\" content=\"summary_large_image\" \/>\n<meta name=\"twitter:label1\" content=\"Gesch\u00e4tzte Lesezeit\" \/>\n\t<meta name=\"twitter:data1\" content=\"1\u00a0Minute\" \/>\n<script type=\"application\/ld+json\" class=\"yoast-schema-graph\">{\"@context\":\"https:\\\/\\\/schema.org\",\"@graph\":[{\"@type\":\"WebPage\",\"@id\":\"https:\\\/\\\/aircrew-dosimetry.eu\\\/de\\\/kontakt\\\/\",\"url\":\"https:\\\/\\\/aircrew-dosimetry.eu\\\/de\\\/kontakt\\\/\",\"name\":\"Kontakt - Aircrew Dosimetry\",\"isPartOf\":{\"@id\":\"https:\\\/\\\/aircrew-dosimetry.eu\\\/de\\\/#website\"},\"primaryImageOfPage\":{\"@id\":\"https:\\\/\\\/aircrew-dosimetry.eu\\\/de\\\/kontakt\\\/#primaryimage\"},\"image\":{\"@id\":\"https:\\\/\\\/aircrew-dosimetry.eu\\\/de\\\/kontakt\\\/#primaryimage\"},\"thumbnailUrl\":\"https:\\\/\\\/aircrew-dosimetry.eu\\\/wp-content\\\/plugins\\\/borlabs-cookie\\\/assets\\\/images\\\/cb-maps.png\",\"datePublished\":\"2022-01-27T23:07:32+00:00\",\"dateModified\":\"2024-09-12T12:37:04+00:00\",\"description\":\"Kontaktieren Sie uns telefonisch oder per E-Mail \u27a4 Besuchen Sie uns auch gerne pers\u00f6nlich \u2013 wir freuen uns auf Sie! \u2713\",\"breadcrumb\":{\"@id\":\"https:\\\/\\\/aircrew-dosimetry.eu\\\/de\\\/kontakt\\\/#breadcrumb\"},\"inLanguage\":\"de\",\"potentialAction\":[{\"@type\":\"ReadAction\",\"target\":[\"https:\\\/\\\/aircrew-dosimetry.eu\\\/de\\\/kontakt\\\/\"]}]},{\"@type\":\"ImageObject\",\"inLanguage\":\"de\",\"@id\":\"https:\\\/\\\/aircrew-dosimetry.eu\\\/de\\\/kontakt\\\/#primaryimage\",\"url\":\"https:\\\/\\\/aircrew-dosimetry.eu\\\/wp-content\\\/plugins\\\/borlabs-cookie\\\/assets\\\/images\\\/cb-maps.png\",\"contentUrl\":\"https:\\\/\\\/aircrew-dosimetry.eu\\\/wp-content\\\/plugins\\\/borlabs-cookie\\\/assets\\\/images\\\/cb-maps.png\"},{\"@type\":\"BreadcrumbList\",\"@id\":\"https:\\\/\\\/aircrew-dosimetry.eu\\\/de\\\/kontakt\\\/#breadcrumb\",\"itemListElement\":[{\"@type\":\"ListItem\",\"position\":1,\"name\":\"Home\",\"item\":\"https:\\\/\\\/aircrew-dosimetry.eu\\\/de\\\/\"},{\"@type\":\"ListItem\",\"position\":2,\"name\":\"Kontakt\"}]},{\"@type\":\"WebSite\",\"@id\":\"https:\\\/\\\/aircrew-dosimetry.eu\\\/de\\\/#website\",\"url\":\"https:\\\/\\\/aircrew-dosimetry.eu\\\/de\\\/\",\"name\":\"Aircrew Dosimetry\",\"description\":\"ACD Research\",\"publisher\":{\"@id\":\"https:\\\/\\\/aircrew-dosimetry.eu\\\/de\\\/#organization\"},\"potentialAction\":[{\"@type\":\"SearchAction\",\"target\":{\"@type\":\"EntryPoint\",\"urlTemplate\":\"https:\\\/\\\/aircrew-dosimetry.eu\\\/de\\\/?s={search_term_string}\"},\"query-input\":{\"@type\":\"PropertyValueSpecification\",\"valueRequired\":true,\"valueName\":\"search_term_string\"}}],\"inLanguage\":\"de\"},{\"@type\":\"Organization\",\"@id\":\"https:\\\/\\\/aircrew-dosimetry.eu\\\/de\\\/#organization\",\"name\":\"ACD Research GmbH\",\"url\":\"https:\\\/\\\/aircrew-dosimetry.eu\\\/de\\\/\",\"logo\":{\"@type\":\"ImageObject\",\"inLanguage\":\"de\",\"@id\":\"https:\\\/\\\/aircrew-dosimetry.eu\\\/de\\\/#\\\/schema\\\/logo\\\/image\\\/\",\"url\":\"https:\\\/\\\/aircrew-dosimetry.eu\\\/wp-content\\\/uploads\\\/2021\\\/12\\\/Aircrew-Dosimetry-_-logo-01-e1641326007675.png\",\"contentUrl\":\"https:\\\/\\\/aircrew-dosimetry.eu\\\/wp-content\\\/uploads\\\/2021\\\/12\\\/Aircrew-Dosimetry-_-logo-01-e1641326007675.png\",\"width\":8000,\"height\":2300,\"caption\":\"ACD Research GmbH\"},\"image\":{\"@id\":\"https:\\\/\\\/aircrew-dosimetry.eu\\\/de\\\/#\\\/schema\\\/logo\\\/image\\\/\"}}]}<\/script>\n<!-- \/ Yoast SEO plugin. -->","yoast_head_json":{"title":"Kontakt - Aircrew Dosimetry","description":"Kontaktieren Sie uns telefonisch oder per E-Mail \u27a4 Besuchen Sie uns auch gerne pers\u00f6nlich \u2013 wir freuen uns auf Sie! \u2713","robots":{"index":"index","follow":"follow","max-snippet":"max-snippet:-1","max-image-preview":"max-image-preview:large","max-video-preview":"max-video-preview:-1"},"canonical":"https:\/\/aircrew-dosimetry.eu\/de\/kontakt\/","og_locale":"de_DE","og_type":"article","og_title":"Kontakt - Aircrew Dosimetry","og_description":"Kontaktieren Sie uns telefonisch oder per E-Mail \u27a4 Besuchen Sie uns auch gerne pers\u00f6nlich \u2013 wir freuen uns auf Sie! \u2713","og_url":"https:\/\/aircrew-dosimetry.eu\/de\/kontakt\/","og_site_name":"Aircrew Dosimetry","article_modified_time":"2024-09-12T12:37:04+00:00","og_image":[{"url":"https:\/\/aircrew-dosimetry.eu\/wp-content\/plugins\/borlabs-cookie\/assets\/images\/cb-maps.png","type":"","width":"","height":""}],"twitter_card":"summary_large_image","twitter_misc":{"Gesch\u00e4tzte Lesezeit":"1\u00a0Minute"},"schema":{"@context":"https:\/\/schema.org","@graph":[{"@type":"WebPage","@id":"https:\/\/aircrew-dosimetry.eu\/de\/kontakt\/","url":"https:\/\/aircrew-dosimetry.eu\/de\/kontakt\/","name":"Kontakt - Aircrew Dosimetry","isPartOf":{"@id":"https:\/\/aircrew-dosimetry.eu\/de\/#website"},"primaryImageOfPage":{"@id":"https:\/\/aircrew-dosimetry.eu\/de\/kontakt\/#primaryimage"},"image":{"@id":"https:\/\/aircrew-dosimetry.eu\/de\/kontakt\/#primaryimage"},"thumbnailUrl":"https:\/\/aircrew-dosimetry.eu\/wp-content\/plugins\/borlabs-cookie\/assets\/images\/cb-maps.png","datePublished":"2022-01-27T23:07:32+00:00","dateModified":"2024-09-12T12:37:04+00:00","description":"Kontaktieren Sie uns telefonisch oder per E-Mail \u27a4 Besuchen Sie uns auch gerne pers\u00f6nlich \u2013 wir freuen uns auf Sie! \u2713","breadcrumb":{"@id":"https:\/\/aircrew-dosimetry.eu\/de\/kontakt\/#breadcrumb"},"inLanguage":"de","potentialAction":[{"@type":"ReadAction","target":["https:\/\/aircrew-dosimetry.eu\/de\/kontakt\/"]}]},{"@type":"ImageObject","inLanguage":"de","@id":"https:\/\/aircrew-dosimetry.eu\/de\/kontakt\/#primaryimage","url":"https:\/\/aircrew-dosimetry.eu\/wp-content\/plugins\/borlabs-cookie\/assets\/images\/cb-maps.png","contentUrl":"https:\/\/aircrew-dosimetry.eu\/wp-content\/plugins\/borlabs-cookie\/assets\/images\/cb-maps.png"},{"@type":"BreadcrumbList","@id":"https:\/\/aircrew-dosimetry.eu\/de\/kontakt\/#breadcrumb","itemListElement":[{"@type":"ListItem","position":1,"name":"Home","item":"https:\/\/aircrew-dosimetry.eu\/de\/"},{"@type":"ListItem","position":2,"name":"Kontakt"}]},{"@type":"WebSite","@id":"https:\/\/aircrew-dosimetry.eu\/de\/#website","url":"https:\/\/aircrew-dosimetry.eu\/de\/","name":"Aircrew Dosimetry","description":"ACD Research","publisher":{"@id":"https:\/\/aircrew-dosimetry.eu\/de\/#organization"},"potentialAction":[{"@type":"SearchAction","target":{"@type":"EntryPoint","urlTemplate":"https:\/\/aircrew-dosimetry.eu\/de\/?s={search_term_string}"},"query-input":{"@type":"PropertyValueSpecification","valueRequired":true,"valueName":"search_term_string"}}],"inLanguage":"de"},{"@type":"Organization","@id":"https:\/\/aircrew-dosimetry.eu\/de\/#organization","name":"ACD Research GmbH","url":"https:\/\/aircrew-dosimetry.eu\/de\/","logo":{"@type":"ImageObject","inLanguage":"de","@id":"https:\/\/aircrew-dosimetry.eu\/de\/#\/schema\/logo\/image\/","url":"https:\/\/aircrew-dosimetry.eu\/wp-content\/uploads\/2021\/12\/Aircrew-Dosimetry-_-logo-01-e1641326007675.png","contentUrl":"https:\/\/aircrew-dosimetry.eu\/wp-content\/uploads\/2021\/12\/Aircrew-Dosimetry-_-logo-01-e1641326007675.png","width":8000,"height":2300,"caption":"ACD Research GmbH"},"image":{"@id":"https:\/\/aircrew-dosimetry.eu\/de\/#\/schema\/logo\/image\/"}}]}},"_links":{"self":[{"href":"https:\/\/aircrew-dosimetry.eu\/de\/wp-json\/wp\/v2\/pages\/1209","targetHints":{"allow":["GET"]}}],"collection":[{"href":"https:\/\/aircrew-dosimetry.eu\/de\/wp-json\/wp\/v2\/pages"}],"about":[{"href":"https:\/\/aircrew-dosimetry.eu\/de\/wp-json\/wp\/v2\/types\/page"}],"author":[{"embeddable":true,"href":"https:\/\/aircrew-dosimetry.eu\/de\/wp-json\/wp\/v2\/users\/1"}],"replies":[{"embeddable":true,"href":"https:\/\/aircrew-dosimetry.eu\/de\/wp-json\/wp\/v2\/comments?post=1209"}],"version-history":[{"count":10,"href":"https:\/\/aircrew-dosimetry.eu\/de\/wp-json\/wp\/v2\/pages\/1209\/revisions"}],"predecessor-version":[{"id":1616,"href":"https:\/\/aircrew-dosimetry.eu\/de\/wp-json\/wp\/v2\/pages\/1209\/revisions\/1616"}],"wp:attachment":[{"href":"https:\/\/aircrew-dosimetry.eu\/de\/wp-json\/wp\/v2\/media?parent=1209"}],"curies":[{"name":"wp","href":"https:\/\/api.w.org\/{rel}","templated":true}]}}